{"id":198,"date":"2022-07-14T10:29:09","date_gmt":"2022-07-14T13:29:09","guid":{"rendered":"http:\/\/diamantededetizadora.com.br\/?page_id=198"},"modified":"2022-07-16T12:55:48","modified_gmt":"2022-07-16T15:55:48","slug":"dedetizacao","status":"publish","type":"page","link":"https:\/\/diamantededetizadora.com.br\/index.php\/dedetizacao\/","title":{"rendered":"Dedetiza\u00e7\u00e3o"},"content":{"rendered":"\t\t<div data-elementor-type=\"wp-page\" data-elementor-id=\"198\" class=\"elementor elementor-198\">\n\t\t\t\t\t\t<section class=\"elementor-section elementor-top-section elementor-element elementor-element-99e36c8 elementor-section-boxed elementor-section-height-default elementor-section-height-default\" data-id=\"99e36c8\" data-element_type=\"section\">\n\t\t\t\t\t\t<div class=\"elementor-container elementor-column-gap-default\">\n\t\t\t\t\t<div class=\"elementor-column elementor-col-100 elementor-top-column elementor-element elementor-element-cfe6188\" data-id=\"cfe6188\" data-element_type=\"column\">\n\t\t\t<div class=\"elementor-widget-wrap elementor-element-populated\">\n\t\t\t\t\t\t<div class=\"elementor-element elementor-element-5799147 elementor-widget elementor-widget-text-editor\" data-id=\"5799147\" data-element_type=\"widget\" data-widget_type=\"text-editor.default\">\n\t\t\t\t<div class=\"elementor-widget-container\">\n\t\t\t<style>\/*! elementor - v3.23.0 - 05-08-2024 *\/\n.elementor-widget-text-editor.elementor-drop-cap-view-stacked .elementor-drop-cap{background-color:#69727d;color:#fff}.elementor-widget-text-editor.elementor-drop-cap-view-framed .elementor-drop-cap{color:#69727d;border:3px solid;background-color:transparent}.elementor-widget-text-editor:not(.elementor-drop-cap-view-default) .elementor-drop-cap{margin-top:8px}.elementor-widget-text-editor:not(.elementor-drop-cap-view-default) .elementor-drop-cap-letter{width:1em;height:1em}.elementor-widget-text-editor .elementor-drop-cap{float:left;text-align:center;line-height:1;font-size:50px}.elementor-widget-text-editor .elementor-drop-cap-letter{display:inline-block}<\/style>\t\t\t\t<p><strong>A dedetiza\u00e7\u00e3o \u00e9 um servi\u00e7o essencial para evitar os problemas provocados pelas pragas urbanas.<\/strong><\/p><p><span style=\"font-weight: 400;\">Em resid\u00eancias e ambientes urbanos, as pragas s\u00e3o os roedores, p\u00e1ssaros, insetos e outros organismos que compartilham o habitat com os humanos e que se alimentam e estragam os bens. O controle dessas pragas \u00e9 tentado por exclus\u00e3o, repuls\u00e3o, remo\u00e7\u00e3o f\u00edsica ou meios qu\u00edmicos. Alternativamente, v\u00e1rios m\u00e9todos de controle biol\u00f3gico podem ser usados, incluindo programas de esteriliza\u00e7\u00e3o.<\/span><\/p>\t\t\t\t\t\t<\/div>\n\t\t\t\t<\/div>\n\t\t\t\t\t<\/div>\n\t\t<\/div>\n\t\t\t\t\t<\/div>\n\t\t<\/section>\n\t\t\t\t<section class=\"elementor-section elementor-top-section elementor-element elementor-element-5274773 elementor-section-boxed elementor-section-height-default elementor-section-height-default\" data-id=\"5274773\" data-element_type=\"section\">\n\t\t\t\t\t\t<div class=\"elementor-container elementor-column-gap-default\">\n\t\t\t\t\t<div class=\"elementor-column elementor-col-50 elementor-top-column elementor-element elementor-element-8941c94\" data-id=\"8941c94\" data-element_type=\"column\">\n\t\t\t<div class=\"elementor-widget-wrap elementor-element-populated\">\n\t\t\t\t\t\t<div class=\"elementor-element elementor-element-9692c68 elementor-widget elementor-widget-image\" data-id=\"9692c68\" data-element_type=\"widget\" data-widget_type=\"image.default\">\n\t\t\t\t<div class=\"elementor-widget-container\">\n\t\t\t<style>\/*! elementor - v3.23.0 - 05-08-2024 *\/\n.elementor-widget-image{text-align:center}.elementor-widget-image a{display:inline-block}.elementor-widget-image a img[src$=\".svg\"]{width:48px}.elementor-widget-image img{vertical-align:middle;display:inline-block}<\/style>\t\t\t\t\t\t\t\t\t\t<img fetchpriority=\"high\" width=\"1024\" height=\"683\" src=\"https:\/\/diamantededetizadora.com.br\/wp-content\/uploads\/2022\/07\/exterminator-in-white-protective-uniform-standing-by-reservoir-with-chemicals-and-sprayer-1024x683.jpg\" class=\"attachment-large size-large wp-image-521\" alt=\"\" srcset=\"https:\/\/diamantededetizadora.com.br\/wp-content\/uploads\/2022\/07\/exterminator-in-white-protective-uniform-standing-by-reservoir-with-chemicals-and-sprayer-1024x683.jpg 1024w, https:\/\/diamantededetizadora.com.br\/wp-content\/uploads\/2022\/07\/exterminator-in-white-protective-uniform-standing-by-reservoir-with-chemicals-and-sprayer-300x200.jpg 300w, https:\/\/diamantededetizadora.com.br\/wp-content\/uploads\/2022\/07\/exterminator-in-white-protective-uniform-standing-by-reservoir-with-chemicals-and-sprayer-768x512.jpg 768w, https:\/\/diamantededetizadora.com.br\/wp-content\/uploads\/2022\/07\/exterminator-in-white-protective-uniform-standing-by-reservoir-with-chemicals-and-sprayer-1536x1024.jpg 1536w, https:\/\/diamantededetizadora.com.br\/wp-content\/uploads\/2022\/07\/exterminator-in-white-protective-uniform-standing-by-reservoir-with-chemicals-and-sprayer-2048x1365.jpg 2048w\" sizes=\"(max-width: 1024px) 100vw, 1024px\" \/>\t\t\t\t\t\t\t\t\t\t\t\t\t<\/div>\n\t\t\t\t<\/div>\n\t\t\t\t\t<\/div>\n\t\t<\/div>\n\t\t\t\t<div class=\"elementor-column elementor-col-50 elementor-top-column elementor-element elementor-element-763afd5\" data-id=\"763afd5\" data-element_type=\"column\">\n\t\t\t<div class=\"elementor-widget-wrap elementor-element-populated\">\n\t\t\t\t\t\t<div class=\"elementor-element elementor-element-8d98594 elementor-widget elementor-widget-image\" data-id=\"8d98594\" data-element_type=\"widget\" data-widget_type=\"image.default\">\n\t\t\t\t<div class=\"elementor-widget-container\">\n\t\t\t\t\t\t\t\t\t\t\t\t\t<img width=\"1024\" height=\"683\" src=\"https:\/\/diamantededetizadora.com.br\/wp-content\/uploads\/2022\/07\/person-in-white-chemical-protection-suit-doing-disinfection-of-public-areas-to-stop-spreading-highly-contagious-corona-virus-1024x683.jpg\" class=\"attachment-large size-large wp-image-519\" alt=\"\" srcset=\"https:\/\/diamantededetizadora.com.br\/wp-content\/uploads\/2022\/07\/person-in-white-chemical-protection-suit-doing-disinfection-of-public-areas-to-stop-spreading-highly-contagious-corona-virus-1024x683.jpg 1024w, https:\/\/diamantededetizadora.com.br\/wp-content\/uploads\/2022\/07\/person-in-white-chemical-protection-suit-doing-disinfection-of-public-areas-to-stop-spreading-highly-contagious-corona-virus-300x200.jpg 300w, https:\/\/diamantededetizadora.com.br\/wp-content\/uploads\/2022\/07\/person-in-white-chemical-protection-suit-doing-disinfection-of-public-areas-to-stop-spreading-highly-contagious-corona-virus-768x512.jpg 768w, https:\/\/diamantededetizadora.com.br\/wp-content\/uploads\/2022\/07\/person-in-white-chemical-protection-suit-doing-disinfection-of-public-areas-to-stop-spreading-highly-contagious-corona-virus-1536x1024.jpg 1536w, https:\/\/diamantededetizadora.com.br\/wp-content\/uploads\/2022\/07\/person-in-white-chemical-protection-suit-doing-disinfection-of-public-areas-to-stop-spreading-highly-contagious-corona-virus-2048x1365.jpg 2048w\" sizes=\"(max-width: 1024px) 100vw, 1024px\" \/>\t\t\t\t\t\t\t\t\t\t\t\t\t<\/div>\n\t\t\t\t<\/div>\n\t\t\t\t\t<\/div>\n\t\t<\/div>\n\t\t\t\t\t<\/div>\n\t\t<\/section>\n\t\t\t\t<\/div>\n\t\t","protected":false},"excerpt":{"rendered":"<p>A dedetiza\u00e7\u00e3o \u00e9 um servi\u00e7o essencial para evitar os problemas provocados pelas pragas urbanas. Em resid\u00eancias e ambientes urbanos, as pragas s\u00e3o os roedores, p\u00e1ssaros, insetos e outros organismos que compartilham o habitat com os humanos e que se alimentam e estragam os bens. O controle dessas pragas \u00e9 tentado por exclus\u00e3o, repuls\u00e3o, remo\u00e7\u00e3o f\u00edsica &hellip;<\/p>\n<p class=\"read-more\"> <a class=\"\" href=\"https:\/\/diamantededetizadora.com.br\/index.php\/dedetizacao\/\"> <span class=\"screen-reader-text\">Dedetiza\u00e7\u00e3o<\/span> Read More &raquo;<\/a><\/p>\n","protected":false},"author":1,"featured_media":0,"parent":0,"menu_order":0,"comment_status":"closed","ping_status":"closed","template":"","meta":{"om_disable_all_campaigns":false,"_monsterinsights_skip_tracking":false,"_monsterinsights_sitenote_active":false,"_monsterinsights_sitenote_note":"","_monsterinsights_sitenote_category":0,"site-sidebar-layout":"no-sidebar","site-content-layout":"page-builder","ast-global-header-display":"","ast-main-header-display":"","ast-hfb-above-header-display":"","ast-hfb-below-header-display":"","ast-hfb-mobile-header-display":"","site-post-title":"disabled","ast-breadcrumbs-content":"","ast-featured-img":"disabled","footer-sml-layout":"","theme-transparent-header-meta":"","adv-header-id-meta":"","stick-header-meta":"","header-above-stick-meta":"","header-main-stick-meta":"","header-below-stick-meta":"","_joinchat":[]},"aioseo_notices":[],"_links":{"self":[{"href":"https:\/\/diamantededetizadora.com.br\/index.php\/wp-json\/wp\/v2\/pages\/198"}],"collection":[{"href":"https:\/\/diamantededetizadora.com.br\/index.php\/wp-json\/wp\/v2\/pages"}],"about":[{"href":"https:\/\/diamantededetizadora.com.br\/index.php\/wp-json\/wp\/v2\/types\/page"}],"author":[{"embeddable":true,"href":"https:\/\/diamantededetizadora.com.br\/index.php\/wp-json\/wp\/v2\/users\/1"}],"replies":[{"embeddable":true,"href":"https:\/\/diamantededetizadora.com.br\/index.php\/wp-json\/wp\/v2\/comments?post=198"}],"version-history":[{"count":0,"href":"https:\/\/diamantededetizadora.com.br\/index.php\/wp-json\/wp\/v2\/pages\/198\/revisions"}],"wp:attachment":[{"href":"https:\/\/diamantededetizadora.com.br\/index.php\/wp-json\/wp\/v2\/media?parent=198"}],"curies":[{"name":"wp","href":"https:\/\/api.w.org\/{rel}","templated":true}]}}