{"id":206,"date":"2022-07-14T10:29:09","date_gmt":"2022-07-14T13:29:09","guid":{"rendered":"http:\/\/diamantededetizadora.com.br\/?page_id=206"},"modified":"2022-07-25T10:53:09","modified_gmt":"2022-07-25T13:53:09","slug":"residencia","status":"publish","type":"page","link":"https:\/\/diamantededetizadora.com.br\/index.php\/residencia\/","title":{"rendered":"Resid\u00eancia"},"content":{"rendered":"\t\t<div data-elementor-type=\"wp-page\" data-elementor-id=\"206\" class=\"elementor elementor-206\">\n\t\t\t\t\t\t<section class=\"elementor-section elementor-top-section elementor-element elementor-element-4bb8d83 elementor-section-boxed elementor-section-height-default elementor-section-height-default\" data-id=\"4bb8d83\" data-element_type=\"section\">\n\t\t\t\t\t\t<div class=\"elementor-container elementor-column-gap-default\">\n\t\t\t\t\t<div class=\"elementor-column elementor-col-100 elementor-top-column elementor-element elementor-element-d5bbf07\" data-id=\"d5bbf07\" data-element_type=\"column\">\n\t\t\t<div class=\"elementor-widget-wrap elementor-element-populated\">\n\t\t\t\t\t\t<div class=\"elementor-element elementor-element-9a9e2d9 elementor-widget elementor-widget-text-editor\" data-id=\"9a9e2d9\" data-element_type=\"widget\" data-widget_type=\"text-editor.default\">\n\t\t\t\t<div class=\"elementor-widget-container\">\n\t\t\t<style>\/*! elementor - v3.23.0 - 05-08-2024 *\/\n.elementor-widget-text-editor.elementor-drop-cap-view-stacked .elementor-drop-cap{background-color:#69727d;color:#fff}.elementor-widget-text-editor.elementor-drop-cap-view-framed .elementor-drop-cap{color:#69727d;border:3px solid;background-color:transparent}.elementor-widget-text-editor:not(.elementor-drop-cap-view-default) .elementor-drop-cap{margin-top:8px}.elementor-widget-text-editor:not(.elementor-drop-cap-view-default) .elementor-drop-cap-letter{width:1em;height:1em}.elementor-widget-text-editor .elementor-drop-cap{float:left;text-align:center;line-height:1;font-size:50px}.elementor-widget-text-editor .elementor-drop-cap-letter{display:inline-block}<\/style>\t\t\t\t<p><strong>Dedetiza\u00e7\u00e3o Residencial<\/strong><\/p><p style=\"margin: 0cm; background-image: initial; background-position: initial; background-size: initial; background-repeat: initial; background-attachment: initial; background-origin: initial; background-clip: initial;\"><span style=\"font-family: Montserrat; color: #666666; background-image: initial; background-position: initial; background-size: initial; background-repeat: initial; background-attachment: initial; background-origin: initial; background-clip: initial;\">As pragas urbanas est\u00e3o presentes em grande parte das resid\u00eancias.\u00a0<\/span>Esses animais s\u00e3o vetores de v\u00e1rias doen\u00e7as, al\u00e9m de poderem causar danos materiais, como \u00e9 o caso dos cupins e tamb\u00e9m dos ratos.<\/p><p style=\"margin: 0cm; background-image: initial; background-position: initial; background-size: initial; background-repeat: initial; background-attachment: initial; background-origin: initial; background-clip: initial;\"><span style=\"font-family: Montserrat; color: #666666; background-image: initial; background-position: initial; background-size: initial; background-repeat: initial; background-attachment: initial; background-origin: initial; background-clip: initial;\">Ent\u00e3o \u00e9 muito importante deixar sua resid\u00eancia segura dessas pragas com o servi\u00e7o de dedetiza\u00e7\u00e3o, para uma melhor qualidade de vida melhor.<\/span><\/p>\t\t\t\t\t\t<\/div>\n\t\t\t\t<\/div>\n\t\t\t\t\t<\/div>\n\t\t<\/div>\n\t\t\t\t\t<\/div>\n\t\t<\/section>\n\t\t\t\t<section class=\"elementor-section elementor-top-section elementor-element elementor-element-88c920d elementor-section-boxed elementor-section-height-default elementor-section-height-default\" data-id=\"88c920d\" data-element_type=\"section\">\n\t\t\t\t\t\t<div class=\"elementor-container elementor-column-gap-default\">\n\t\t\t\t\t<div class=\"elementor-column elementor-col-100 elementor-top-column elementor-element elementor-element-e780542\" data-id=\"e780542\" data-element_type=\"column\">\n\t\t\t<div class=\"elementor-widget-wrap elementor-element-populated\">\n\t\t\t\t\t\t<div class=\"elementor-element elementor-element-204f937 elementor-widget elementor-widget-image\" data-id=\"204f937\" data-element_type=\"widget\" data-widget_type=\"image.default\">\n\t\t\t\t<div class=\"elementor-widget-container\">\n\t\t\t<style>\/*! elementor - v3.23.0 - 05-08-2024 *\/\n.elementor-widget-image{text-align:center}.elementor-widget-image a{display:inline-block}.elementor-widget-image a img[src$=\".svg\"]{width:48px}.elementor-widget-image img{vertical-align:middle;display:inline-block}<\/style>\t\t\t\t\t\t\t\t\t\t<img fetchpriority=\"high\" width=\"848\" height=\"480\" src=\"https:\/\/diamantededetizadora.com.br\/wp-content\/uploads\/2022\/07\/empresa-dedetizadora-848x480-1.png\" class=\"attachment-large size-large wp-image-530\" alt=\"\" srcset=\"https:\/\/diamantededetizadora.com.br\/wp-content\/uploads\/2022\/07\/empresa-dedetizadora-848x480-1.png 848w, https:\/\/diamantededetizadora.com.br\/wp-content\/uploads\/2022\/07\/empresa-dedetizadora-848x480-1-300x170.png 300w, https:\/\/diamantededetizadora.com.br\/wp-content\/uploads\/2022\/07\/empresa-dedetizadora-848x480-1-768x435.png 768w\" sizes=\"(max-width: 848px) 100vw, 848px\" \/>\t\t\t\t\t\t\t\t\t\t\t\t\t<\/div>\n\t\t\t\t<\/div>\n\t\t\t\t\t<\/div>\n\t\t<\/div>\n\t\t\t\t\t<\/div>\n\t\t<\/section>\n\t\t\t\t<\/div>\n\t\t","protected":false},"excerpt":{"rendered":"<p>Dedetiza\u00e7\u00e3o Residencial As pragas urbanas est\u00e3o presentes em grande parte das resid\u00eancias.\u00a0Esses animais s\u00e3o vetores de v\u00e1rias doen\u00e7as, al\u00e9m de poderem causar danos materiais, como \u00e9 o caso dos cupins e tamb\u00e9m dos ratos. Ent\u00e3o \u00e9 muito importante deixar sua resid\u00eancia segura dessas pragas com o servi\u00e7o de dedetiza\u00e7\u00e3o, para uma melhor qualidade de vida &hellip;<\/p>\n<p class=\"read-more\"> <a class=\"\" href=\"https:\/\/diamantededetizadora.com.br\/index.php\/residencia\/\"> <span class=\"screen-reader-text\">Resid\u00eancia<\/span> Read More &raquo;<\/a><\/p>\n","protected":false},"author":1,"featured_media":0,"parent":0,"menu_order":0,"comment_status":"closed","ping_status":"closed","template":"","meta":{"om_disable_all_campaigns":false,"_monsterinsights_skip_tracking":false,"_monsterinsights_sitenote_active":false,"_monsterinsights_sitenote_note":"","_monsterinsights_sitenote_category":0,"site-sidebar-layout":"no-sidebar","site-content-layout":"page-builder","ast-global-header-display":"","ast-main-header-display":"","ast-hfb-above-header-display":"","ast-hfb-below-header-display":"","ast-hfb-mobile-header-display":"","site-post-title":"disabled","ast-breadcrumbs-content":"","ast-featured-img":"disabled","footer-sml-layout":"","theme-transparent-header-meta":"","adv-header-id-meta":"","stick-header-meta":"","header-above-stick-meta":"","header-main-stick-meta":"","header-below-stick-meta":"","_joinchat":[]},"aioseo_notices":[],"_links":{"self":[{"href":"https:\/\/diamantededetizadora.com.br\/index.php\/wp-json\/wp\/v2\/pages\/206"}],"collection":[{"href":"https:\/\/diamantededetizadora.com.br\/index.php\/wp-json\/wp\/v2\/pages"}],"about":[{"href":"https:\/\/diamantededetizadora.com.br\/index.php\/wp-json\/wp\/v2\/types\/page"}],"author":[{"embeddable":true,"href":"https:\/\/diamantededetizadora.com.br\/index.php\/wp-json\/wp\/v2\/users\/1"}],"replies":[{"embeddable":true,"href":"https:\/\/diamantededetizadora.com.br\/index.php\/wp-json\/wp\/v2\/comments?post=206"}],"version-history":[{"count":0,"href":"https:\/\/diamantededetizadora.com.br\/index.php\/wp-json\/wp\/v2\/pages\/206\/revisions"}],"wp:attachment":[{"href":"https:\/\/diamantededetizadora.com.br\/index.php\/wp-json\/wp\/v2\/media?parent=206"}],"curies":[{"name":"wp","href":"https:\/\/api.w.org\/{rel}","templated":true}]}}