{"id":208,"date":"2022-07-14T10:29:09","date_gmt":"2022-07-14T13:29:09","guid":{"rendered":"http:\/\/diamantededetizadora.com.br\/?page_id=208"},"modified":"2022-07-25T10:32:56","modified_gmt":"2022-07-25T13:32:56","slug":"industria","status":"publish","type":"page","link":"https:\/\/diamantededetizadora.com.br\/index.php\/industria\/","title":{"rendered":"Ind\u00fastria"},"content":{"rendered":"\t\t<div data-elementor-type=\"wp-page\" data-elementor-id=\"208\" class=\"elementor elementor-208\">\n\t\t\t\t\t\t<section class=\"elementor-section elementor-top-section elementor-element elementor-element-51b3965 elementor-section-boxed elementor-section-height-default elementor-section-height-default\" data-id=\"51b3965\" data-element_type=\"section\">\n\t\t\t\t\t\t<div class=\"elementor-container elementor-column-gap-default\">\n\t\t\t\t\t<div class=\"elementor-column elementor-col-100 elementor-top-column elementor-element elementor-element-1553f52\" data-id=\"1553f52\" data-element_type=\"column\">\n\t\t\t<div class=\"elementor-widget-wrap elementor-element-populated\">\n\t\t\t\t\t\t<div class=\"elementor-element elementor-element-60a776c elementor-widget elementor-widget-text-editor\" data-id=\"60a776c\" data-element_type=\"widget\" data-widget_type=\"text-editor.default\">\n\t\t\t\t<div class=\"elementor-widget-container\">\n\t\t\t<style>\/*! elementor - v3.23.0 - 05-08-2024 *\/\n.elementor-widget-text-editor.elementor-drop-cap-view-stacked .elementor-drop-cap{background-color:#69727d;color:#fff}.elementor-widget-text-editor.elementor-drop-cap-view-framed .elementor-drop-cap{color:#69727d;border:3px solid;background-color:transparent}.elementor-widget-text-editor:not(.elementor-drop-cap-view-default) .elementor-drop-cap{margin-top:8px}.elementor-widget-text-editor:not(.elementor-drop-cap-view-default) .elementor-drop-cap-letter{width:1em;height:1em}.elementor-widget-text-editor .elementor-drop-cap{float:left;text-align:center;line-height:1;font-size:50px}.elementor-widget-text-editor .elementor-drop-cap-letter{display:inline-block}<\/style>\t\t\t\t<p><strong>Ind\u00fastria<\/strong><\/p><p>O servi\u00e7o de dedetiza\u00e7\u00e3o industrial protege com a\u00e7\u00f5es integradas para evitar infesta\u00e7\u00f5es no local. A prote\u00e7\u00e3o do setor industrial \u00e9 fundamental. Pois existem diversos lugares como f\u00e1bricas, galp\u00f5es, unidades de armazenamentos entre outros.<\/p>\t\t\t\t\t\t<\/div>\n\t\t\t\t<\/div>\n\t\t\t\t\t<\/div>\n\t\t<\/div>\n\t\t\t\t\t<\/div>\n\t\t<\/section>\n\t\t\t\t<section class=\"elementor-section elementor-top-section elementor-element elementor-element-8e2922f elementor-section-boxed elementor-section-height-default elementor-section-height-default\" data-id=\"8e2922f\" data-element_type=\"section\">\n\t\t\t\t\t\t<div class=\"elementor-container elementor-column-gap-default\">\n\t\t\t\t\t<div class=\"elementor-column elementor-col-100 elementor-top-column elementor-element elementor-element-0ff84a2\" data-id=\"0ff84a2\" data-element_type=\"column\">\n\t\t\t<div class=\"elementor-widget-wrap elementor-element-populated\">\n\t\t\t\t\t\t<div class=\"elementor-element elementor-element-82fd74c elementor-widget elementor-widget-image\" data-id=\"82fd74c\" data-element_type=\"widget\" data-widget_type=\"image.default\">\n\t\t\t\t<div class=\"elementor-widget-container\">\n\t\t\t<style>\/*! elementor - v3.23.0 - 05-08-2024 *\/\n.elementor-widget-image{text-align:center}.elementor-widget-image a{display:inline-block}.elementor-widget-image a img[src$=\".svg\"]{width:48px}.elementor-widget-image img{vertical-align:middle;display:inline-block}<\/style>\t\t\t\t\t\t\t\t\t\t<img fetchpriority=\"high\" width=\"1024\" height=\"683\" src=\"https:\/\/diamantededetizadora.com.br\/wp-content\/uploads\/2022\/07\/man-with-tank-reservoir-on-his-back-spraying-disinfectant-to-stop-corona-virus-1024x683.jpg\" class=\"attachment-large size-large wp-image-550\" alt=\"\" srcset=\"https:\/\/diamantededetizadora.com.br\/wp-content\/uploads\/2022\/07\/man-with-tank-reservoir-on-his-back-spraying-disinfectant-to-stop-corona-virus-1024x683.jpg 1024w, https:\/\/diamantededetizadora.com.br\/wp-content\/uploads\/2022\/07\/man-with-tank-reservoir-on-his-back-spraying-disinfectant-to-stop-corona-virus-300x200.jpg 300w, https:\/\/diamantededetizadora.com.br\/wp-content\/uploads\/2022\/07\/man-with-tank-reservoir-on-his-back-spraying-disinfectant-to-stop-corona-virus-768x512.jpg 768w, https:\/\/diamantededetizadora.com.br\/wp-content\/uploads\/2022\/07\/man-with-tank-reservoir-on-his-back-spraying-disinfectant-to-stop-corona-virus-1536x1024.jpg 1536w, https:\/\/diamantededetizadora.com.br\/wp-content\/uploads\/2022\/07\/man-with-tank-reservoir-on-his-back-spraying-disinfectant-to-stop-corona-virus-2048x1365.jpg 2048w\" sizes=\"(max-width: 1024px) 100vw, 1024px\" \/>\t\t\t\t\t\t\t\t\t\t\t\t\t<\/div>\n\t\t\t\t<\/div>\n\t\t\t\t\t<\/div>\n\t\t<\/div>\n\t\t\t\t\t<\/div>\n\t\t<\/section>\n\t\t\t\t<\/div>\n\t\t","protected":false},"excerpt":{"rendered":"<p>Ind\u00fastria O servi\u00e7o de dedetiza\u00e7\u00e3o industrial protege com a\u00e7\u00f5es integradas para evitar infesta\u00e7\u00f5es no local. A prote\u00e7\u00e3o do setor industrial \u00e9 fundamental. Pois existem diversos lugares como f\u00e1bricas, galp\u00f5es, unidades de armazenamentos entre outros.<\/p>\n","protected":false},"author":1,"featured_media":0,"parent":0,"menu_order":0,"comment_status":"closed","ping_status":"closed","template":"","meta":{"om_disable_all_campaigns":false,"_monsterinsights_skip_tracking":false,"_monsterinsights_sitenote_active":false,"_monsterinsights_sitenote_note":"","_monsterinsights_sitenote_category":0,"site-sidebar-layout":"no-sidebar","site-content-layout":"page-builder","ast-global-header-display":"","ast-main-header-display":"","ast-hfb-above-header-display":"","ast-hfb-below-header-display":"","ast-hfb-mobile-header-display":"","site-post-title":"disabled","ast-breadcrumbs-content":"","ast-featured-img":"disabled","footer-sml-layout":"","theme-transparent-header-meta":"","adv-header-id-meta":"","stick-header-meta":"","header-above-stick-meta":"","header-main-stick-meta":"","header-below-stick-meta":"","_joinchat":[]},"aioseo_notices":[],"_links":{"self":[{"href":"https:\/\/diamantededetizadora.com.br\/index.php\/wp-json\/wp\/v2\/pages\/208"}],"collection":[{"href":"https:\/\/diamantededetizadora.com.br\/index.php\/wp-json\/wp\/v2\/pages"}],"about":[{"href":"https:\/\/diamantededetizadora.com.br\/index.php\/wp-json\/wp\/v2\/types\/page"}],"author":[{"embeddable":true,"href":"https:\/\/diamantededetizadora.com.br\/index.php\/wp-json\/wp\/v2\/users\/1"}],"replies":[{"embeddable":true,"href":"https:\/\/diamantededetizadora.com.br\/index.php\/wp-json\/wp\/v2\/comments?post=208"}],"version-history":[{"count":0,"href":"https:\/\/diamantededetizadora.com.br\/index.php\/wp-json\/wp\/v2\/pages\/208\/revisions"}],"wp:attachment":[{"href":"https:\/\/diamantededetizadora.com.br\/index.php\/wp-json\/wp\/v2\/media?parent=208"}],"curies":[{"name":"wp","href":"https:\/\/api.w.org\/{rel}","templated":true}]}}