{"id":683,"date":"2022-07-25T09:58:16","date_gmt":"2022-07-25T12:58:16","guid":{"rendered":"http:\/\/diamantededetizadora.com.br\/?page_id=683"},"modified":"2022-07-25T10:01:27","modified_gmt":"2022-07-25T13:01:27","slug":"sanitizacao","status":"publish","type":"page","link":"https:\/\/diamantededetizadora.com.br\/index.php\/sanitizacao\/","title":{"rendered":"Sanitiza\u00e7\u00e3o"},"content":{"rendered":"\t\t<div data-elementor-type=\"wp-page\" data-elementor-id=\"683\" class=\"elementor elementor-683\">\n\t\t\t\t\t\t<section class=\"elementor-section elementor-top-section elementor-element elementor-element-9d08dd4 elementor-section-boxed elementor-section-height-default elementor-section-height-default\" data-id=\"9d08dd4\" data-element_type=\"section\">\n\t\t\t\t\t\t<div class=\"elementor-container elementor-column-gap-default\">\n\t\t\t\t\t<div class=\"elementor-column elementor-col-100 elementor-top-column elementor-element elementor-element-c067e2f\" data-id=\"c067e2f\" data-element_type=\"column\">\n\t\t\t<div class=\"elementor-widget-wrap elementor-element-populated\">\n\t\t\t\t\t\t<div class=\"elementor-element elementor-element-a8e8116 elementor-widget elementor-widget-text-editor\" data-id=\"a8e8116\" data-element_type=\"widget\" data-widget_type=\"text-editor.default\">\n\t\t\t\t<div class=\"elementor-widget-container\">\n\t\t\t<style>\/*! elementor - v3.23.0 - 05-08-2024 *\/\n.elementor-widget-text-editor.elementor-drop-cap-view-stacked .elementor-drop-cap{background-color:#69727d;color:#fff}.elementor-widget-text-editor.elementor-drop-cap-view-framed .elementor-drop-cap{color:#69727d;border:3px solid;background-color:transparent}.elementor-widget-text-editor:not(.elementor-drop-cap-view-default) .elementor-drop-cap{margin-top:8px}.elementor-widget-text-editor:not(.elementor-drop-cap-view-default) .elementor-drop-cap-letter{width:1em;height:1em}.elementor-widget-text-editor .elementor-drop-cap{float:left;text-align:center;line-height:1;font-size:50px}.elementor-widget-text-editor .elementor-drop-cap-letter{display:inline-block}<\/style>\t\t\t\t<p><b>SANITIZA\u00c7\u00c3O<\/b><\/p><p>\u00c9 um servi\u00e7o utilizado para desinfectar um ambiente, com a\u00e7\u00f5es integradas para combater v\u00edrus, bact\u00e9rias e fungos. Quando feito regularmente reduz muito o risco de contamina\u00e7\u00e3o.<\/p><p>\u00c9 um servi\u00e7o indicado para qualquer lugar com fluxo de pessoas e poss\u00edvel contamina\u00e7\u00e3o.<\/p><p><strong>Lugares indicados:<\/strong> Academias, \u00c1reas de Estocagem, Casas de Repouso, Centros Empresariais, Centros Esportivos, Cinemas e Teatros, Cl\u00ednicas, Condom\u00ednios, Creches e Escolas, Universidades, Escrit\u00f3rios, Farm\u00e1cias, Hospitais, Hot\u00e9is, Igrejas e Assembleias, Laborat\u00f3rios, Reparti\u00e7\u00f5es P\u00fablicas, Resid\u00eancias, Supermercados, Transportes<br \/>e muitos outros.<\/p>\t\t\t\t\t\t<\/div>\n\t\t\t\t<\/div>\n\t\t\t\t\t<\/div>\n\t\t<\/div>\n\t\t\t\t\t<\/div>\n\t\t<\/section>\n\t\t\t\t<section class=\"elementor-section elementor-top-section elementor-element elementor-element-a3c1179 elementor-section-boxed elementor-section-height-default elementor-section-height-default\" data-id=\"a3c1179\" data-element_type=\"section\">\n\t\t\t\t\t\t<div class=\"elementor-container elementor-column-gap-default\">\n\t\t\t\t\t<div class=\"elementor-column elementor-col-100 elementor-top-column elementor-element elementor-element-6d2e703\" data-id=\"6d2e703\" data-element_type=\"column\">\n\t\t\t<div class=\"elementor-widget-wrap elementor-element-populated\">\n\t\t\t\t\t\t<div class=\"elementor-element elementor-element-76bd809 elementor-widget elementor-widget-image\" data-id=\"76bd809\" data-element_type=\"widget\" data-widget_type=\"image.default\">\n\t\t\t\t<div class=\"elementor-widget-container\">\n\t\t\t<style>\/*! elementor - v3.23.0 - 05-08-2024 *\/\n.elementor-widget-image{text-align:center}.elementor-widget-image a{display:inline-block}.elementor-widget-image a img[src$=\".svg\"]{width:48px}.elementor-widget-image img{vertical-align:middle;display:inline-block}<\/style>\t\t\t\t\t\t\t\t\t\t<img fetchpriority=\"high\" width=\"1024\" height=\"697\" src=\"https:\/\/diamantededetizadora.com.br\/wp-content\/uploads\/2022\/07\/sanitizacao-de-ambientes-o-que-e-e-para-que-serve.jpg\" class=\"attachment-large size-large wp-image-677\" alt=\"\" srcset=\"https:\/\/diamantededetizadora.com.br\/wp-content\/uploads\/2022\/07\/sanitizacao-de-ambientes-o-que-e-e-para-que-serve.jpg 1024w, https:\/\/diamantededetizadora.com.br\/wp-content\/uploads\/2022\/07\/sanitizacao-de-ambientes-o-que-e-e-para-que-serve-300x204.jpg 300w, https:\/\/diamantededetizadora.com.br\/wp-content\/uploads\/2022\/07\/sanitizacao-de-ambientes-o-que-e-e-para-que-serve-768x523.jpg 768w\" sizes=\"(max-width: 1024px) 100vw, 1024px\" \/>\t\t\t\t\t\t\t\t\t\t\t\t\t<\/div>\n\t\t\t\t<\/div>\n\t\t\t\t\t<\/div>\n\t\t<\/div>\n\t\t\t\t\t<\/div>\n\t\t<\/section>\n\t\t\t\t<\/div>\n\t\t","protected":false},"excerpt":{"rendered":"<p>SANITIZA\u00c7\u00c3O \u00c9 um servi\u00e7o utilizado para desinfectar um ambiente, com a\u00e7\u00f5es integradas para combater v\u00edrus, bact\u00e9rias e fungos. Quando feito regularmente reduz muito o risco de contamina\u00e7\u00e3o. \u00c9 um servi\u00e7o indicado para qualquer lugar com fluxo de pessoas e poss\u00edvel contamina\u00e7\u00e3o. Lugares indicados: Academias, \u00c1reas de Estocagem, Casas de Repouso, Centros Empresariais, Centros Esportivos, Cinemas &hellip;<\/p>\n<p class=\"read-more\"> <a class=\"\" href=\"https:\/\/diamantededetizadora.com.br\/index.php\/sanitizacao\/\"> <span class=\"screen-reader-text\">Sanitiza\u00e7\u00e3o<\/span> Read More &raquo;<\/a><\/p>\n","protected":false},"author":1,"featured_media":0,"parent":0,"menu_order":0,"comment_status":"closed","ping_status":"closed","template":"","meta":{"om_disable_all_campaigns":false,"_monsterinsights_skip_tracking":false,"_monsterinsights_sitenote_active":false,"_monsterinsights_sitenote_note":"","_monsterinsights_sitenote_category":0,"site-sidebar-layout":"no-sidebar","site-content-layout":"page-builder","ast-global-header-display":"","ast-main-header-display":"","ast-hfb-above-header-display":"","ast-hfb-below-header-display":"","ast-hfb-mobile-header-display":"","site-post-title":"disabled","ast-breadcrumbs-content":"","ast-featured-img":"disabled","footer-sml-layout":"","theme-transparent-header-meta":"","adv-header-id-meta":"","stick-header-meta":"","header-above-stick-meta":"","header-main-stick-meta":"","header-below-stick-meta":"","_joinchat":[]},"aioseo_notices":[],"_links":{"self":[{"href":"https:\/\/diamantededetizadora.com.br\/index.php\/wp-json\/wp\/v2\/pages\/683"}],"collection":[{"href":"https:\/\/diamantededetizadora.com.br\/index.php\/wp-json\/wp\/v2\/pages"}],"about":[{"href":"https:\/\/diamantededetizadora.com.br\/index.php\/wp-json\/wp\/v2\/types\/page"}],"author":[{"embeddable":true,"href":"https:\/\/diamantededetizadora.com.br\/index.php\/wp-json\/wp\/v2\/users\/1"}],"replies":[{"embeddable":true,"href":"https:\/\/diamantededetizadora.com.br\/index.php\/wp-json\/wp\/v2\/comments?post=683"}],"version-history":[{"count":0,"href":"https:\/\/diamantededetizadora.com.br\/index.php\/wp-json\/wp\/v2\/pages\/683\/revisions"}],"wp:attachment":[{"href":"https:\/\/diamantededetizadora.com.br\/index.php\/wp-json\/wp\/v2\/media?parent=683"}],"curies":[{"name":"wp","href":"https:\/\/api.w.org\/{rel}","templated":true}]}}