{"id":731,"date":"2022-08-03T12:04:34","date_gmt":"2022-08-03T15:04:34","guid":{"rendered":"https:\/\/diamantededetizadora.com.br\/?page_id=731"},"modified":"2022-08-03T12:11:21","modified_gmt":"2022-08-03T15:11:21","slug":"hidrojato","status":"publish","type":"page","link":"https:\/\/diamantededetizadora.com.br\/index.php\/hidrojato\/","title":{"rendered":"Hidrojato"},"content":{"rendered":"\t\t<div data-elementor-type=\"wp-page\" data-elementor-id=\"731\" class=\"elementor elementor-731\">\n\t\t\t\t\t\t<section class=\"elementor-section elementor-top-section elementor-element elementor-element-d846354 elementor-section-boxed elementor-section-height-default elementor-section-height-default\" data-id=\"d846354\" data-element_type=\"section\">\n\t\t\t\t\t\t<div class=\"elementor-container elementor-column-gap-default\">\n\t\t\t\t\t<div class=\"elementor-column elementor-col-100 elementor-top-column elementor-element elementor-element-d7fc8d3\" data-id=\"d7fc8d3\" data-element_type=\"column\">\n\t\t\t<div class=\"elementor-widget-wrap elementor-element-populated\">\n\t\t\t\t\t\t<div class=\"elementor-element elementor-element-647f809 elementor-widget elementor-widget-text-editor\" data-id=\"647f809\" data-element_type=\"widget\" data-widget_type=\"text-editor.default\">\n\t\t\t\t<div class=\"elementor-widget-container\">\n\t\t\t<style>\/*! elementor - v3.23.0 - 05-08-2024 *\/\n.elementor-widget-text-editor.elementor-drop-cap-view-stacked .elementor-drop-cap{background-color:#69727d;color:#fff}.elementor-widget-text-editor.elementor-drop-cap-view-framed .elementor-drop-cap{color:#69727d;border:3px solid;background-color:transparent}.elementor-widget-text-editor:not(.elementor-drop-cap-view-default) .elementor-drop-cap{margin-top:8px}.elementor-widget-text-editor:not(.elementor-drop-cap-view-default) .elementor-drop-cap-letter{width:1em;height:1em}.elementor-widget-text-editor .elementor-drop-cap{float:left;text-align:center;line-height:1;font-size:50px}.elementor-widget-text-editor .elementor-drop-cap-letter{display:inline-block}<\/style>\t\t\t\t<p><span style=\"color: #85868c; font-family: Roboto, Helvetica, Arial, Verdana, sans-serif;\">Basicamente o\u00a0<\/span><span style=\"margin: 0px; padding: 0px; font-weight: bold; color: #85868c; font-family: Roboto, Helvetica, Arial, Verdana, sans-serif;\">hidrojateamento<\/span><span style=\"color: #85868c; font-family: Roboto, Helvetica, Arial, Verdana, sans-serif;\">\u00a0trata-se de um procedimento, onde o jato de \u00e1gua \u00e9 aplicado com alta press\u00e3o atingindo uma certa superf\u00edcie. O objetivo final e principal deste procedimento \u00e9 limpar a superf\u00edcie escolhida. Al\u00e9m disso, o objetivo secund\u00e1rio tamb\u00e9m conta com a limpeza e desobstru\u00e7\u00e3o de locais, como tubula\u00e7\u00f5es.<\/span><\/p>\t\t\t\t\t\t<\/div>\n\t\t\t\t<\/div>\n\t\t\t\t\t<\/div>\n\t\t<\/div>\n\t\t\t\t\t<\/div>\n\t\t<\/section>\n\t\t\t\t<section class=\"elementor-section elementor-top-section elementor-element elementor-element-4ccd781 elementor-section-boxed elementor-section-height-default elementor-section-height-default\" data-id=\"4ccd781\" data-element_type=\"section\">\n\t\t\t\t\t\t<div class=\"elementor-container elementor-column-gap-default\">\n\t\t\t\t\t<div class=\"elementor-column elementor-col-100 elementor-top-column elementor-element elementor-element-7652d6f\" data-id=\"7652d6f\" data-element_type=\"column\">\n\t\t\t<div class=\"elementor-widget-wrap elementor-element-populated\">\n\t\t\t\t\t\t<div class=\"elementor-element elementor-element-faa4649 elementor-widget elementor-widget-image\" data-id=\"faa4649\" data-element_type=\"widget\" data-widget_type=\"image.default\">\n\t\t\t\t<div class=\"elementor-widget-container\">\n\t\t\t<style>\/*! elementor - v3.23.0 - 05-08-2024 *\/\n.elementor-widget-image{text-align:center}.elementor-widget-image a{display:inline-block}.elementor-widget-image a img[src$=\".svg\"]{width:48px}.elementor-widget-image img{vertical-align:middle;display:inline-block}<\/style>\t\t\t\t\t\t\t\t\t\t<img fetchpriority=\"high\" width=\"1024\" height=\"576\" src=\"https:\/\/diamantededetizadora.com.br\/wp-content\/uploads\/2022\/08\/img-hidro-jateamento-1024x576.jpg\" class=\"attachment-large size-large wp-image-735\" alt=\"\" srcset=\"https:\/\/diamantededetizadora.com.br\/wp-content\/uploads\/2022\/08\/img-hidro-jateamento-1024x576.jpg 1024w, https:\/\/diamantededetizadora.com.br\/wp-content\/uploads\/2022\/08\/img-hidro-jateamento-300x169.jpg 300w, https:\/\/diamantededetizadora.com.br\/wp-content\/uploads\/2022\/08\/img-hidro-jateamento-768x432.jpg 768w, https:\/\/diamantededetizadora.com.br\/wp-content\/uploads\/2022\/08\/img-hidro-jateamento-1536x864.jpg 1536w, https:\/\/diamantededetizadora.com.br\/wp-content\/uploads\/2022\/08\/img-hidro-jateamento.jpg 1920w\" sizes=\"(max-width: 1024px) 100vw, 1024px\" \/>\t\t\t\t\t\t\t\t\t\t\t\t\t<\/div>\n\t\t\t\t<\/div>\n\t\t\t\t\t<\/div>\n\t\t<\/div>\n\t\t\t\t\t<\/div>\n\t\t<\/section>\n\t\t\t\t<\/div>\n\t\t","protected":false},"excerpt":{"rendered":"<p>Basicamente o\u00a0hidrojateamento\u00a0trata-se de um procedimento, onde o jato de \u00e1gua \u00e9 aplicado com alta press\u00e3o atingindo uma certa superf\u00edcie. O objetivo final e principal deste procedimento \u00e9 limpar a superf\u00edcie escolhida. Al\u00e9m disso, o objetivo secund\u00e1rio tamb\u00e9m conta com a limpeza e desobstru\u00e7\u00e3o de locais, como tubula\u00e7\u00f5es.<\/p>\n","protected":false},"author":1,"featured_media":0,"parent":0,"menu_order":0,"comment_status":"closed","ping_status":"closed","template":"","meta":{"om_disable_all_campaigns":false,"_monsterinsights_skip_tracking":false,"_monsterinsights_sitenote_active":false,"_monsterinsights_sitenote_note":"","_monsterinsights_sitenote_category":0,"site-sidebar-layout":"no-sidebar","site-content-layout":"page-builder","ast-global-header-display":"","ast-main-header-display":"","ast-hfb-above-header-display":"","ast-hfb-below-header-display":"","ast-hfb-mobile-header-display":"","site-post-title":"disabled","ast-breadcrumbs-content":"","ast-featured-img":"disabled","footer-sml-layout":"","theme-transparent-header-meta":"","adv-header-id-meta":"","stick-header-meta":"","header-above-stick-meta":"","header-main-stick-meta":"","header-below-stick-meta":"","_joinchat":[]},"aioseo_notices":[],"_links":{"self":[{"href":"https:\/\/diamantededetizadora.com.br\/index.php\/wp-json\/wp\/v2\/pages\/731"}],"collection":[{"href":"https:\/\/diamantededetizadora.com.br\/index.php\/wp-json\/wp\/v2\/pages"}],"about":[{"href":"https:\/\/diamantededetizadora.com.br\/index.php\/wp-json\/wp\/v2\/types\/page"}],"author":[{"embeddable":true,"href":"https:\/\/diamantededetizadora.com.br\/index.php\/wp-json\/wp\/v2\/users\/1"}],"replies":[{"embeddable":true,"href":"https:\/\/diamantededetizadora.com.br\/index.php\/wp-json\/wp\/v2\/comments?post=731"}],"version-history":[{"count":4,"href":"https:\/\/diamantededetizadora.com.br\/index.php\/wp-json\/wp\/v2\/pages\/731\/revisions"}],"predecessor-version":[{"id":738,"href":"https:\/\/diamantededetizadora.com.br\/index.php\/wp-json\/wp\/v2\/pages\/731\/revisions\/738"}],"wp:attachment":[{"href":"https:\/\/diamantededetizadora.com.br\/index.php\/wp-json\/wp\/v2\/media?parent=731"}],"curies":[{"name":"wp","href":"https:\/\/api.w.org\/{rel}","templated":true}]}}